{"id":2366,"date":"2019-07-17T18:54:20","date_gmt":"2019-07-17T17:54:20","guid":{"rendered":"http:\/\/adeca97.fr\/wordpress\/?page_id=2366"},"modified":"2019-07-19T14:00:11","modified_gmt":"2019-07-19T13:00:11","slug":"politique-de-protection-des-donnees-personnelles-rgpd","status":"publish","type":"page","link":"https:\/\/adeca97.fr\/wordpress\/politique-de-protection-des-donnees-personnelles-rgpd\/","title":{"rendered":"Politique de Protection des Donn\u00e9es Personnelles  RGPD"},"content":{"rendered":"<p><strong>POLITIQUE DE PROTECTION DES DONNEES PERSONNELLES <\/strong><strong>RGPD<\/strong><\/p>\n<p><strong>ADECA- Association des Danses et des Cultures des Am\u00e9riques<\/strong><\/p>\n<p><strong>\u00a0<\/strong><\/p>\n<p><strong>PRESENTATION<\/strong><br \/>\nL\u2019ASSOCIATION \u00ab <strong>ADECA-<\/strong> <strong>Association des Danses et des Cultures des Am\u00e9riques <\/strong>\u00bb construit avec ses adh\u00e9rents des relations fortes et durables, fond\u00e9es sur la confiance r\u00e9ciproque : assurer la s\u00e9curit\u00e9 et la confidentialit\u00e9 des donn\u00e9es personnelles de ses adh\u00e9rents est une priorit\u00e9 absolue pour L\u2019ASSOCIATION \u00ab ADECA\u00a0\u00bb.<\/p>\n<ul>\n<li>L\u2019ASSOCIATION \u00ab AECA \u00bb respecte l\u2019ensemble des dispositions r\u00e9glementaires et l\u00e9gislatives fran\u00e7aises et europ\u00e9ennes relatives \u00e0 la protection des donn\u00e9es personnelles.<\/li>\n<li>Chaque adh\u00e9rent de L\u2019ASSOCIATION \u00ab ADECA \u00bb reste ma\u00eetre de ses donn\u00e9es. L\u2019ASSOCIATION \u00ab ADECA\u00bb n\u2019en dispose pas librement.<\/li>\n<li>Elles sont trait\u00e9es de mani\u00e8re transparente, confidentielle et s\u00e9curis\u00e9e.<\/li>\n<li>L\u2019ASSOCIATION \u00ab ADECA \u00bb est engag\u00e9 dans une d\u00e9marche continue de protection des donn\u00e9es de ses adh\u00e9rents, en conformit\u00e9 avec la Loi Informatique et Libert\u00e9s du 6 janvier 1978 modifi\u00e9e (ci-apr\u00e8s \u00ab LIL \u00bb) et du R\u00e8glement (UE) g\u00e9n\u00e9ral sur la protection des donn\u00e9es du 27 avril 2016 (ci-apr\u00e8s \u00ab RGPD \u00bb).<\/li>\n<li>le C.A de L\u2019ASSOCIATION \u00ab ADECA \u00bb a nomm\u00e9 un DPO, charg\u00e9 de faire respecter la politique de protection des donn\u00e9es personnelles. Il est responsable de l\u2019application de cette politique vis-\u00e0-vis des adh\u00e9rents.<\/li>\n<\/ul>\n<p><strong>OBJET DE LA PR\u00c9SENTE POLITIQUE<\/strong><br \/>\nL\u2019ASSOCIATION \u00ab ADECA \u00bb souhaite vous informer par l\u2019interm\u00e9diaire de la pr\u00e9sente politique de la mani\u00e8re dont nous prot\u00e9geons vos donn\u00e9es \u00e0 caract\u00e8re personnel trait\u00e9es via la messagerie de\u00a0adeca@adeca97.fr, le site <a href=\"https:\/\/adeca97.fr\">https:\/\/adeca97.fr<\/a> ainsi que sur le site Facebook\u00a0<a href=\"https:\/\/www.facebook.com\/adeca.issy\">https:\/\/www.facebook.com\/adeca.issy<\/a> et page Facebook <a href=\"https:\/\/www.facebook.com\/Adeca97-930418373641122\/\">https:\/\/www.facebook.com\/Adeca97-930418373641122\/<\/a><br \/>\nLa pr\u00e9sente politique d\u00e9crit la mani\u00e8re dont L\u2019ASSOCIATION \u00ab ADECA \u00bb traite les donn\u00e9es \u00e0 caract\u00e8re personnel des visiteurs et des adh\u00e9rents lors de leur navigation sur les Site et leur utilisation des services de L\u2019ASSOCIATION \u00ab ADECA\u00a0\u00bb.<br \/>\nCette Politique peut \u00eatre modifi\u00e9e, compl\u00e9t\u00e9e ou mise \u00e0 jour afin notamment de se conformer \u00e0 toute \u00e9volution l\u00e9gale, r\u00e9glementaire, jurisprudentielle et technique. Cependant, les Donn\u00e9es Personnelles de l\u2019Adh\u00e9rent seront toujours trait\u00e9es conform\u00e9ment \u00e0 la politique en vigueur au moment de leur collecte, sauf si une prescription l\u00e9gale imp\u00e9rative venait \u00e0 en disposer autrement et serait d&rsquo;application r\u00e9troactive.<br \/>\nCette politique fait partie int\u00e9grante des Conditions d\u2019Adh\u00e9sion.<\/p>\n<p><strong>IDENTITE ET COORDONNEES DES RESPONSABLES DE TRAITEMENT<\/strong><br \/>\nRappel l\u00e9gal : Le responsable du traitement est, au sens de la Loi Informatique et Libert\u00e9 (LIL), la personne qui d\u00e9termine les moyens et les finalit\u00e9s du traitement.<br \/>\nLe responsable du traitement des Donn\u00e9es Personnelles est le D.P.O.<br \/>\nIl peut d\u00e9l\u00e9guer le traitement des donn\u00e9es \u00e0 fin de fonctionnement de l\u2019Association (Mailings, gestion des adh\u00e9sions, communications, gestion comptable\u2026) \u00e0 des membres \u00e9lu du C.A mais reste responsable de leur protection.<br \/>\nL\u2019ASSOCIATION \u00ab ADECA \u00bb prend les mesures propres \u00e0 assurer la protection et la confidentialit\u00e9 des informations nominatives qu\u2019elle d\u00e9tient ou qu\u2019elle traite dans le respect des dispositions de la LIL et du RGPD.<\/p>\n<p><strong>COLLECTE &amp; ORIGINE DES DONNEES<\/strong><br \/>\nToutes les donn\u00e9es concernant les Adh\u00e9rents sont collect\u00e9es directement aupr\u00e8s de ces derniers.<br \/>\nL\u2019Association \u00ab ADECA \u00bb s\u2019engage \u00e0 recueillir le consentement de ses Adh\u00e9rents et\/ou \u00e0 leur permettre de s\u2019opposer \u00e0 l\u2019utilisation de leurs donn\u00e9es pour certaines finalit\u00e9s, d\u00e8s que cela est n\u00e9cessaire.<br \/>\nDans tous les cas, les Adh\u00e9rents sont inform\u00e9s des finalit\u00e9s pour lesquelles leurs donn\u00e9es sont collect\u00e9es via les diff\u00e9rents formulaires de collecte de donn\u00e9es en ligne et via la Charte de gestion des cookies disponible sur le site\u00a0<a href=\"https:\/\/adeca97.fr\">https:\/\/adeca97.fr<\/a> (rubrique \u00ab\u00a0mentions l\u00e9gales\u00a0\u00bb)<\/p>\n<p><strong>FINALITE DES DONNEES COLLECTEES\u00a0<\/strong><br \/>\n1.\u2003N\u00e9cessit\u00e9 de la collecte.<br \/>\nLe fonctionnement d\u2019une association est bas\u00e9 sur la connaissance mutuelle et la participation de ses adh\u00e9rents \u00e0 l\u2019objet de l\u2019Association.<br \/>\nSi un Adh\u00e9rent ne souhaite pas communiquer toute ou partie des informations qui lui sont demand\u00e9es, il se peut que L\u2019ASSOCIATION \u00ab ADECA \u00bb soit dans l\u2019impossibilit\u00e9 de lui fournir les informations utiles \u00e0 son inscription et son implication dans les activit\u00e9s de l\u2019Association (sorties, \u2026)<br \/>\n2.\u2003Finalit\u00e9s<br \/>\nLe recueil de vos Donn\u00e9es Personnelles a pour base l\u00e9gale :<br \/>\n&#8211; l\u2019int\u00e9r\u00eat l\u00e9gitime de L\u2019ASSOCIATION \u00ab ADECA \u00bb \u00e0 assurer la meilleure qualit\u00e9 de ses services, \u00e0 fournir \u00e0 ses Adh\u00e9rents le meilleur suivi possible de la communication, et \u00e0 am\u00e9liorer le fonctionnement de ses Sites<br \/>\n&#8211; l\u2019int\u00e9r\u00eat l\u00e9gitime de L\u2019ASSOCIATION \u00ab ADECA \u00bb \u00e0 r\u00e9aliser des enqu\u00eates de satisfaction facultatives sur ses services en vue de les am\u00e9liorer<br \/>\n&#8211; le consentement de ses Adh\u00e9rents lorsque celui-ci est requis par la r\u00e9glementation en vigueur, notamment en mati\u00e8re de cookies.<br \/>\nLes donn\u00e9es des Adh\u00e9rents de L\u2019ASSOCIATION \u00ab ADECA \u00bb sont principalement trait\u00e9es pour :<br \/>\n&#8211; Communiquer aux adh\u00e9rents les informations relatives \u00e0 la vie de l\u2019Association<br \/>\n&#8211; G\u00e9rer les adh\u00e9sions et la comptabilit\u00e9 de l\u2019Association<br \/>\n&#8211; Faciliter la relation et les \u00e9changes entre les adh\u00e9rents lors d\u2019organisation d\u2019\u00e9v\u00e9nements<br \/>\nA titre subsidiaire les donn\u00e9es des Adh\u00e9rents sont \u00e9galement collect\u00e9es pour :<br \/>\n&#8211; pr\u00e9venir et lutter contre la fraude informatique (spamming, hacking\u2026)<br \/>\n&#8211; am\u00e9liorer la navigation sur le Site<br \/>\n&#8211; mener des enqu\u00eates de satisfaction facultatives sur les services de L\u2019ASSOCIATION \u00ab ADECA \u00bb (ces enqu\u00eates sont r\u00e9alis\u00e9es de mani\u00e8re anonyme ou sont anonymis\u00e9es \u00e0 bref d\u00e9lai)<br \/>\n&#8211; effectuer des statistiques sur l\u2019utilisation des services<br \/>\nVous retrouverez plus de d\u00e9tails sur la gestion des cookies nous permettant d\u2019atteindre cette finalit\u00e9 dans notre Charte de gestion des cookies.<br \/>\nLe caract\u00e8re obligatoire ou facultatif des donn\u00e9es personnelles demand\u00e9es et les \u00e9ventuelles cons\u00e9quences d&rsquo;un d\u00e9faut de r\u00e9ponse \u00e0 l\u2019\u00e9gard des Adh\u00e9rents de L\u2019ASSOCIATION \u00ab ADECA \u00bb sont pr\u00e9cis\u00e9s lors de leur(s) collecte(s).<\/p>\n<p><strong>TYPES DE DONN\u00c9ES TRAIT\u00c9ES<\/strong><br \/>\nL\u2019ASSOCIATION \u00ab ADECA \u00bb est susceptible de traiter tout ou partie des donn\u00e9es suivantes:<br \/>\n&#8211; Nom, pr\u00e9nom,<br \/>\n&#8211; Num\u00e9ro(s) de t\u00e9l\u00e9phone, adresse email, adresse postale<br \/>\n&#8211; Etat d\u2019adh\u00e9sion (date et r\u00e8glement)<br \/>\n&#8211; Etat du consentement de l\u2019adh\u00e8rent \u00e0 l\u2019utilisation des donn\u00e9es,<br \/>\n&#8211; Type d\u2019adh\u00e9rent\u00a0: par exemple\u00a0; inscription seul, \u00e9tudiant, en couple pour la notion cavalier cavali\u00e8re&#8230;<br \/>\nL\u2019ASSOCIATION \u00ab ADECA \u00bb ne traite pas de donn\u00e9es sensibles (origines raciales ou ethniques, opinions politiques, religion, convictions philosophiques, appartenance syndicale, donn\u00e9es g\u00e9n\u00e9tiques, vie ou orientation sexuelle etc\u2026) ou de Donn\u00e9es Personnelles de Sant\u00e9. N\u00e9anmoins, certaines donn\u00e9es personnelles de sant\u00e9 (ex\u00a0: certificat m\u00e9dicale \u00e0 l\u2019aptitude pour la zumba) pourront \u00eatre demand\u00e9es lors de l\u2019inscription. Ces donn\u00e9es ne seront pas conserv\u00e9es au-del\u00e0 de la p\u00e9riode d\u2019inscription.<br \/>\nL\u2019ASSOCIATION \u00ab ADECA \u00bb s\u2019engage \u00e0 ne porter aucun commentaire sur ses membres dans les bases de donn\u00e9es trait\u00e9es.<\/p>\n<p><strong>NON-COMMUNICATION DES DONN\u00c9ES PERSONNELLES<\/strong><br \/>\nLes Donn\u00e9es Personnelles de l\u2019Adh\u00e9rent ne seront pas transmises \u00e0 des acteurs commerciaux ou publicitaires.<br \/>\nDans la limite de leurs attributions respectives et pour les finalit\u00e9s rappel\u00e9es ci-dessus, les personnes susceptibles d\u2019avoir acc\u00e8s aux donn\u00e9es des Adh\u00e9rents de L\u2019ASSOCIATION \u00ab ADECA \u00bb sont restreintes aux membres du C.A. \u00e9lu en Assembl\u00e9 G\u00e9n\u00e9rale.<br \/>\nEn cas de renouvellement du C.A, les codes d\u2019acc\u00e8s sont chang\u00e9s.<\/p>\n<p><strong>DUREE DE CONSERVATION DES DONNEES<\/strong><br \/>\nNous conservons vos donn\u00e9es uniquement le temps n\u00e9cessaire pour les finalit\u00e9s poursuivies, conform\u00e9ment aux prescriptions l\u00e9gales.<br \/>\nLorsqu\u2019une adh\u00e9sion n\u2019est pas renouvel\u00e9e, sauf demande expresse de l\u2019int\u00e9ress\u00e9, les donn\u00e9es collect\u00e9es sont conserv\u00e9es 3 ans. Au-del\u00e0, seul le nom, le pr\u00e9nom et les ann\u00e9es d\u2019adh\u00e9sion seront conserv\u00e9s \u00e0 titre d\u2019historique.<\/p>\n<p><strong>LES DROITS DES ADH\u00c9RENTS<\/strong><br \/>\nChaque fois que L\u2019ASSOCIATION \u00ab ADECA \u00bb traite des Donn\u00e9es Personnelles, L\u2019ASSOCIATION \u00ab ADECA \u00bb prend toutes les mesures raisonnables pour s\u2019assurer de l\u2019exactitude et de la pertinence des Donn\u00e9es Personnelles au regard des finalit\u00e9s pour lesquelles L\u2019ASSOCIATION \u00ab ADECA \u00bb les traite.<br \/>\nConform\u00e9ment \u00e0 la r\u00e9glementation europ\u00e9enne en vigueur, les Adh\u00e9rents de L\u2019ASSOCIATION \u00ab ADECA \u00bb disposent des droits suivants :<br \/>\n&#8211; droit d&rsquo;acc\u00e8s (article 15 RGPD) et de rectification (article 16 RGPD), de mise \u00e0 jour, de compl\u00e9tude des donn\u00e9es des Adh\u00e9rents<br \/>\n&#8211; droit de verrouillage ou d\u2019effacement des donn\u00e9es des Adh\u00e9rents \u00e0 caract\u00e8re personnel (article 17 du RGPD), lorsqu\u2019elles sont inexactes, incompl\u00e8tes, \u00e9quivoques, p\u00e9rim\u00e9es, ou dont la collecte, l&rsquo;utilisation, la communication ou la conservation est interdite (en savoir plus)<br \/>\n&#8211; droit de retirer \u00e0 tout moment un consentement (article 13-2c RGPD)<br \/>\n&#8211; droit \u00e0 la limitation du traitement des donn\u00e9es des Adh\u00e9rents (article 18 RGPD)<br \/>\n&#8211; droit d\u2019opposition au traitement des donn\u00e9es des Adh\u00e9rents (article 21 RGPD) (en savoir plus)<br \/>\n&#8211; droit \u00e0 la portabilit\u00e9 des donn\u00e9es que les Adh\u00e9rents auront fournies, lorsque ces donn\u00e9es font l\u2019objet de traitements automatis\u00e9s fond\u00e9s sur leur consentement ou sur un contrat (article 20 RGPD)<br \/>\n&#8211; droit de d\u00e9finir le sort des donn\u00e9es des Adh\u00e9rents apr\u00e8s leur mort et de choisir \u00e0 qui L\u2019ASSOCIATION \u00ab ADECA \u00bb devra communiquer (ou non) ses donn\u00e9es \u00e0 un tiers qu\u2019ils aura pr\u00e9alablement d\u00e9sign\u00e9 (en savoir plus)<br \/>\nD\u00e8s que L\u2019ASSOCIATION \u00ab ADECA \u00bb a connaissance du d\u00e9c\u00e8s d\u2019un Adh\u00e9rent et \u00e0 d\u00e9faut d\u2019instructions de sa part, L\u2019ASSOCIATION \u00ab ADECA \u00bb s\u2019engage \u00e0 d\u00e9truire ses donn\u00e9es, sauf si leur conservation s\u2019av\u00e8re n\u00e9cessaire \u00e0 des fins probatoires.<br \/>\nSi l\u2019Adh\u00e9rent souhaite savoir comment L\u2019ASSOCIATION \u00ab ADECA \u00bb utilise ses Donn\u00e9es Personnelles, demander \u00e0 les rectifier ou s\u2019oppose \u00e0 leur traitement, l\u2019Adh\u00e9rent peut contacter L\u2019ASSOCIATION \u00ab ADECA\u00a0\u00bb<\/p>\n<ul>\n<li>\n<address>Par \u00e9crit \u00e0 l\u2019adresse suivante : ADECA 13, rue de la Pastorale 92130 Issy les Moulineaux<\/address>\n<\/li>\n<\/ul>\n<ul>\n<li>\n<address>Ou par mail \u00e0\u00a0<a href=\"mailto:adeca@adeca97.fr\">adeca@adeca97.fr<\/a>\u00a0<\/address>\n<\/li>\n<\/ul>\n<p>Dans ce cas, l\u2019Adh\u00e9rent doit indiquer les Donn\u00e9es Personnelles qu\u2019il souhaiterait que L\u2019ASSOCIATION \u00ab ADECA \u00bb corrige, mette \u00e0 jour ou supprime, en s\u2019identifiant de mani\u00e8re pr\u00e9cise avec une copie d\u2019une pi\u00e8ce d\u2019identit\u00e9 (carte d\u2019identit\u00e9 ou passeport). Les demandes de suppression de Donn\u00e9es Personnelles seront soumises aux obligations qui sont impos\u00e9es \u00e0 L\u2019ASSOCIATION \u00ab ADECA \u00bb par la loi, notamment en mati\u00e8re de conservation ou d\u2019archivage des documents. Enfin, les Adh\u00e9rents de L\u2019ASSOCIATION \u00ab ADECA \u00bb peuvent d\u00e9poser une r\u00e9clamation aupr\u00e8s des autorit\u00e9s de contr\u00f4le, et notamment de la CNIL (<a href=\"https:\/\/www.cnil.fr\/fr\/plaintes\">https:\/\/www.cnil.fr\/fr\/plaintes<\/a>).<\/p>\n<p><strong>\u00a0\u00ab COOKIES \u00bb<\/strong><br \/>\nUn \u00ab cookie \u00bb est un petit fichier d\u2019information envoy\u00e9 sur le navigateur de l\u2019Adh\u00e9rent et enregistr\u00e9 au sein du terminal de l\u2019Adh\u00e9rent (ex : ordinateur, smartphone), (ci-apr\u00e8s \u00ab Cookies \u00bb). Ce fichier comprend des informations telles que le nom de domaine de l\u2019Adh\u00e9rent, le fournisseur d\u2019acc\u00e8s Internet de l\u2019Adh\u00e9rent, le syst\u00e8me d\u2019exploitation de l\u2019Adh\u00e9rent, ainsi que la date et l\u2019heure d\u2019acc\u00e8s. Les Cookies ne risquent en aucun cas d\u2019endommager le terminal de l\u2019Adh\u00e9rent.<br \/>\nL\u2019ASSOCIATION \u00ab ADECA \u00bb est susceptible de traiter les informations de l\u2019Adh\u00e9rent concernant sa visite du Site, telles que les pages consult\u00e9es, les recherches effectu\u00e9es. Ces informations permettent \u00e0 L\u2019ASSOCIATION \u00ab ADECA \u00bb d\u2019am\u00e9liorer le contenu du Site.<br \/>\nSi l\u2019Adh\u00e9rent refuse l\u2019enregistrement de Cookies dans son terminal ou son navigateur, ou si l\u2019Adh\u00e9rent supprime ceux qui y sont enregistr\u00e9s, l\u2019Adh\u00e9rent est inform\u00e9 que sa navigation et son exp\u00e9rience sur le Site peuvent \u00eatre limit\u00e9es.<br \/>\n\u00c0 tout moment, l\u2019Adh\u00e9rent peut faire le choix d\u2019exprimer et de modifier ses souhaits en mati\u00e8re de Cookies.<br \/>\nEnfin, si dans l\u2019avenir le site est compl\u00e9t\u00e9 d\u2019ic\u00f4nes d\u00e9di\u00e9es aux r\u00e9seaux sociaux Twitter, Facebook, Linkedin et Google Plus et si l\u2019Adh\u00e9rent a accept\u00e9 le d\u00e9p\u00f4t de cookies en poursuivant sa navigation sur le Site Internet ou l\u2019application mobile de L\u2019ASSOCIATION \u00ab ADECA\u00a0\u00bb, Twitter, Facebook, Linkedin et Google Plus peuvent \u00e9galement d\u00e9poser des cookies sur vos terminaux (ordinateur, tablette, t\u00e9l\u00e9phone portable).<br \/>\nPour en savoir plus, sur la mani\u00e8re dont sont g\u00e9r\u00e9s ces diff\u00e9rents cookies et pour autoriser ou vous opposer \u00e0 leur d\u00e9p\u00f4t, vous devez vous rendre sur notre Charte de gestion des cookies. Disponible dans l\u2019onglet \u00ab\u00a0mention l\u00e9gale\u00a0\u00bb du site <a href=\"https:\/\/adeca97.fr\">https:\/\/adeca97.fr<\/a><\/p>\n<p><strong>R\u00c9SEAUX SOCIAUX<\/strong><br \/>\nLes r\u00e9seaux sociaux permettent d&rsquo;am\u00e9liorer la convivialit\u00e9 du Site et aident \u00e0 sa promotion via les partages. Les services de partage de vid\u00e9o permettent d&rsquo;enrichir le Site de L\u2019ASSOCIATION \u00ab ADECA \u00bbde contenus vid\u00e9o et augmentent sa visibilit\u00e9.<br \/>\nL\u2019ASSOCIATION \u00ab ADECA \u00bb a mis en place un site Facebook \u00ab\u00a0Facebook <a href=\"https:\/\/www.facebook.com\/adeca.issy\">https:\/\/www.facebook.com\/adeca.issy<\/a> \u00a0et page Facebook <a href=\"https:\/\/www.facebook.com\/Adeca97-930418373641122\/\">https:\/\/www.facebook.com\/Adeca97-930418373641122\/<\/a>,<br \/>\nCe site est ouvert \u00e0 tous.<br \/>\nATTENTION\u00a0: D\u2019autres sites Facebook portent \u00e9galement le nom de\u00a0\u00ab ADECA \u00bb ou \u00ab\u00a0Les amis du KURUN \u00bb mais ne sont pas sous la responsabilit\u00e9 de l\u2019Association. L\u2019ASSOCIATION \u00ab ADECA \u00bb d\u00e9gage toute responsabilit\u00e9 sur les informations, donn\u00e9es ou exploitation des donn\u00e9es li\u00e9es \u00e0 ces sites.<br \/>\nLorsqu\u2019un utilisateur se connecte, L\u2019ASSOCIATION \u00ab ADECA \u00bb pourra avoir acc\u00e8s aux informations personnelles que l\u2019Adh\u00e9rent aura indiqu\u00e9es comme publiques et accessibles depuis son profil Facebook. Cependant, L\u2019ASSOCIATION \u00ab ADECA \u00bb ne cr\u00e9e ni n\u2019utilise aucune base de donn\u00e9es ind\u00e9pendante de Facebook \u00e0 partir des informations personnelles que l\u2019utilisateur peut y publier et L\u2019ASSOCIATION \u00ab ADECA \u00bb ne traitera aucune donn\u00e9e relevant de sa vie priv\u00e9e par ce biais.<br \/>\nSi l\u2019Adh\u00e9rent ne souhaite pas que L\u2019ASSOCIATION \u00ab ADECA \u00bb ait acc\u00e8s aux informations personnelles publi\u00e9es sur l\u2019espace public de ses profils ou de ses comptes sociaux, l\u2019Adh\u00e9rent devra alors utiliser les moyens mis \u00e0 sa disposition par Facebook afin de limiter l\u2019acc\u00e8s \u00e0 ses donn\u00e9es.<\/p>\n<p><strong>S\u00c9CURIT\u00c9<\/strong><br \/>\nL\u2019ASSOCIATION \u00ab ADECA \u00bb met en \u0153uvre des mesures techniques et organisationnelles afin d\u2019assurer la s\u00e9curit\u00e9 des traitements de donn\u00e9es \u00e0 caract\u00e8re personnel et la confidentialit\u00e9 de Donn\u00e9es Personnelles.<br \/>\nA ce titre, L\u2019ASSOCIATION \u00ab ADECA \u00bb prend toutes les pr\u00e9cautions utiles, au regard de la nature des donn\u00e9es et des risques pr\u00e9sent\u00e9s par le traitement, afin de pr\u00e9server la s\u00e9curit\u00e9 des donn\u00e9es et, notamment, d\u2019emp\u00eacher qu\u2019elles soient d\u00e9form\u00e9es, endommag\u00e9es, ou que des tiers non autoris\u00e9s y aient acc\u00e8s (proc\u00e9d\u00e9s d\u2019authentification avec acc\u00e8s personnel et s\u00e9curis\u00e9 via des identifiants et mots de passe confidentiels, journalisation des connexions\u2026).<\/p>\n<p><strong>NOUS CONTACTER &#8211; COORDONN\u00c9ES DU DPO<\/strong><br \/>\nSi l\u2019Adh\u00e9rent a des questions ou des r\u00e9clamations concernant le respect par L\u2019ASSOCIATION \u00ab ADECA \u00bb de la pr\u00e9sente Politique, ou si l\u2019Adh\u00e9rent souhaite faire part \u00e0 L\u2019ASSOCIATION \u00ab ADECA \u00bb de recommandations ou des commentaires visant \u00e0 am\u00e9liorer la qualit\u00e9 de la pr\u00e9sente politique, l\u2019Adh\u00e9rent peut contacter L\u2019ASSOCIATION \u00ab ADECA\u00ab<\/p>\n<ul>\n<li>\n<address>Par \u00e9crit \u00e0 l\u2019adresse suivante : ASSOCIATION \u00ab ADECA \u00bb<\/address>\n<address>13, rue de la Pastorale 92130 Issy les Moulineaux<\/address>\n<\/li>\n<\/ul>\n<ul>\n<li>\n<address>Ou par mail \u00e0\u00a0<a href=\"mailto:adeca@adeca97.fr\">adeca@adeca97.fr<\/a>.<\/address>\n<\/li>\n<\/ul>\n","protected":false},"excerpt":{"rendered":"<p>POLITIQUE DE PROTECTION DES DONNEES PERSONNELLES RGPD ADECA- Association des Danses et des Cultures des Am\u00e9riques \u00a0 PRESENTATION L\u2019ASSOCIATION \u00ab ADECA- Association des Danses et des Cultures des Am\u00e9riques \u00bb construit avec ses adh\u00e9rents des relations fortes et durables, fond\u00e9es sur la confiance r\u00e9ciproque : assurer la s\u00e9curit\u00e9 et la confidentialit\u00e9 des donn\u00e9es personnelles de [&hellip;]<\/p>\n","protected":false},"author":1,"featured_media":0,"parent":0,"menu_order":0,"comment_status":"open","ping_status":"open","template":"","meta":{"footnotes":""},"class_list":["post-2366","page","type-page","status-publish","hentry"],"_links":{"self":[{"href":"https:\/\/adeca97.fr\/wordpress\/wp-json\/wp\/v2\/pages\/2366","targetHints":{"allow":["GET"]}}],"collection":[{"href":"https:\/\/adeca97.fr\/wordpress\/wp-json\/wp\/v2\/pages"}],"about":[{"href":"https:\/\/adeca97.fr\/wordpress\/wp-json\/wp\/v2\/types\/page"}],"author":[{"embeddable":true,"href":"https:\/\/adeca97.fr\/wordpress\/wp-json\/wp\/v2\/users\/1"}],"replies":[{"embeddable":true,"href":"https:\/\/adeca97.fr\/wordpress\/wp-json\/wp\/v2\/comments?post=2366"}],"version-history":[{"count":4,"href":"https:\/\/adeca97.fr\/wordpress\/wp-json\/wp\/v2\/pages\/2366\/revisions"}],"predecessor-version":[{"id":2391,"href":"https:\/\/adeca97.fr\/wordpress\/wp-json\/wp\/v2\/pages\/2366\/revisions\/2391"}],"wp:attachment":[{"href":"https:\/\/adeca97.fr\/wordpress\/wp-json\/wp\/v2\/media?parent=2366"}],"curies":[{"name":"wp","href":"https:\/\/api.w.org\/{rel}","templated":true}]}}