{"id":388,"date":"2014-10-22T15:32:28","date_gmt":"2014-10-22T14:32:28","guid":{"rendered":"http:\/\/adeca97.fr\/wordpress\/?page_id=388"},"modified":"2019-07-19T14:07:54","modified_gmt":"2019-07-19T13:07:54","slug":"mentions-legales","status":"publish","type":"page","link":"https:\/\/adeca97.fr\/wordpress\/mentions-legales\/","title":{"rendered":"Mentions l\u00e9gales"},"content":{"rendered":"<h4><strong>Pr\u00e9sentation du site :<\/strong><\/h4>\n<p>Conform\u00e9ment aux dispositions des articles 6-III et 19 de la Loi n\u00b0 2004-575 du 21 juin 2004 pour la Confiance dans l&rsquo;\u00e9conomie num\u00e9rique, dite L.C.E.N., nous portons \u00e0 la connaissance des utilisateurs et visiteurs du site :\u00a0<a href=\"https:\/\/www.adeca97.fr\/\" target=\"_blank\" rel=\"noopener\">www.adeca97.fr<\/a>\u00a0les informations suivantes :<\/p>\n<p><b>Informations l\u00e9gales :<\/b><\/p>\n<p>Statut du propri\u00e9taire :\u00a0<strong><span class=\"wf_file_text\">Association Loi 1901<\/span><\/strong><br \/>\nNom de l&rsquo;association :<strong>\u00a0ADECA-\u00a0Association des Danses et des Cultures des Am\u00e9riques<\/strong><br \/>\n<strong>Adresse : 13, rue de la Pastorale\u00a092130 Issy les Moulineaux<\/strong><\/p>\n<p>T\u00e9l\u00a0 :\u00a0<strong>+33(0)6 74 37 72 53\u00a0\u00a0<\/strong><\/p>\n<p>N\u00b0\u00a0de parution :\u00a0<b>20080037<\/b><br \/>\nAdresse de courrier \u00e9lectronique :\u00a0<a href=\"mailto:adeca@adeca97.fr\">adeca@adeca97.fr<\/a><\/p>\n<p>Le Cr\u00e9ateur du site est : ADECA<br \/>\nLe Responsable de la\u00a0 publication est : ADECA<br \/>\nContactez le responsable de la publication :\u00a0<a href=\"mailto:adeca@adeca97.fr\">adeca@adeca97.fr<\/a><br \/>\nLe responsable de la publication est une\u00a0<strong>personne physique<\/strong><\/p>\n<p>Le Webmaster est : ADECA<br \/>\nContactez le Webmaster :\u00a0<a href=\"mailto:adeca@adeca97.fr\">adeca@adeca97.fr<\/a><br \/>\nL\u2019h\u00e9bergeur du site est : Soci\u00e9t\u00e9 <strong>OVH<\/strong>\u00a02, rue Kellermann &#8211; 59 100 Roubaix &#8211; France<\/p>\n<p>L&rsquo;utilisateur se connectant \u00e0 ce site s&rsquo;engage \u00e0 se conformer aux pr\u00e9sentes conditions d&rsquo;utilisation.<\/p>\n<h4><strong>Informations contenues dans ce site<\/strong><\/h4>\n<p>L&rsquo;ensemble des informations pr\u00e9sentes sur ce site peut \u00eatre t\u00e9l\u00e9charg\u00e9, reproduit, imprim\u00e9 sous r\u00e9serve de :<\/p>\n<ul>\n<li>n&rsquo;utiliser de telles informations qu&rsquo;\u00e0 des fins personnelles et en aucune mani\u00e8re \u00e0 des fins commerciales sauf autorisations ;<\/li>\n<li>ne pas modifier de telles informations ;<\/li>\n<li>reproduire sur toutes copies la mention des droits d&rsquo;auteur d&rsquo;ADECA.<\/li>\n<\/ul>\n<p>Toute autre utilisation est strictement interdite sans autorisation pr\u00e9alable et \u00e9crite d&rsquo;ADECA. L&rsquo;ensemble des informations accessibles via ce site est fourni en l&rsquo;\u00e9tat. ADECA ne donne aucune garantie, explicite ou implicite, et n&rsquo;assume aucune responsabilit\u00e9 relative \u00e0 l&rsquo;utilisation de ces informations. ADECA n&rsquo;est responsable ni de l&rsquo;exactitude, ni des erreurs, ni des omissions contenues sur ce site.<\/p>\n<p>L&rsquo;utilisateur est seul responsable de l&rsquo;utilisation de telles informations. ADECA se r\u00e9serve le droit de modifier \u00e0 tout moment les pr\u00e9sentes informations, notamment en actualisant ce site.<\/p>\n<p>ADECA ne pourra \u00eatre responsable pour quelque dommage que ce soit tant direct qu&rsquo;indirect, r\u00e9sultant d&rsquo;une information contenue sur ce site.<\/p>\n<p>L&rsquo;utilisateur s&rsquo;engage \u00e0 ne transmettre sur ce site aucune information pouvant entra\u00eener une responsabilit\u00e9 civile ou p\u00e9nale et s&rsquo;engage \u00e0 ce titre \u00e0 ne pas divulguer via ce site des informations ill\u00e9gales, contraires \u00e0 l&rsquo;ordre public ou diffamatoires.<\/p>\n<h4><strong>Marques et Logos<\/strong><\/h4>\n<p>Les marques et logos figurant sur ce site sont des marques d\u00e9pos\u00e9es par ADECA. Leur mention n&rsquo;accorde en aucune mani\u00e8re une licence ou un droit d&rsquo;utilisation quelconque des dites marques, qui ne peuvent donc \u00eatre utilis\u00e9es sans le consentement pr\u00e9alable et \u00e9crit du propri\u00e9taire de la marque, sous peine de contrefa\u00e7on.<\/p>\n<h4><strong>Droit d&rsquo;acc\u00e8s aux Informations<\/strong><\/h4>\n<address>Conform\u00e9ment \u00e0 la loi \u00ab\u00a0Informatique et Libert\u00e9s\u00a0\u00bb du 6 janvier 1978 modifi\u00e9e par la loi du 6 ao\u00fbt 2004 (articles 38 \u00e0 43 de la loi n\u00b0 78-17 du 6 janvier 1978 relative \u00e0 l&rsquo;informatique, aux fichiers et aux libert\u00e9s).<br \/>\nConform\u00e9ment \u00e0 la loi \u00ab\u00a0Informatique et Libert\u00e9s\u00a0\u00bb, vous disposez d&rsquo;un droit d&rsquo;acc\u00e8s, de modification, de rectification et de suppression des donn\u00e9es qui vous concernent. Pour exercer ce droit d&rsquo;acc\u00e8s, adressez-vous \u00e0 :<br \/>\nADECA (Association des Danses et des Cultures des Am\u00e9riques)<br \/>\nEric Charles-Alfred|Pr\u00e9sident<\/address>\n<address>13, rue de la pastorale &#8211; 92130 Issy les Moulineaux\u00a0<\/address>\n<address>Adresse de courrier \u00e9lectronique :\u00a0<a href=\"mailto:adeca@adeca97.fr\">adeca@adeca97.fr<\/a><\/address>\n<p>Pour toute information sur la protection des donn\u00e9es personnelles, vous pouvez consulter le site de la Commission Nationale de l\u2019Informatique et des Libert\u00e9s <a href=\"cnil.fr\">cnil.fr<\/a>.<\/p>\n<h4 class=\"mt-5\"><strong>Utilisation des cookies<\/strong><\/h4>\n<p><strong>Qu&rsquo;est ce que les cookies ?<\/strong><\/p>\n<p>Un cookie est une information d\u00e9pos\u00e9e sur le disque dur d&rsquo;un internaute par le serveur du site qu&rsquo;il visite. Il contient plusieurs donn\u00e9es : le nom du serveur qui l&rsquo;a d\u00e9pos\u00e9, un identifiant sous forme de num\u00e9ro unique, \u00e9ventuellement une date d&rsquo;expiration. Ces informations sont parfois stock\u00e9es sur l&rsquo;ordinateur dans un simple fichier texte auquel un serveur acc\u00e8de pour lire et enregistrer des informations.<\/p>\n<p><strong>A quoi servent les cookies ?<\/strong><\/p>\n<p>Les cookies ont diff\u00e9rentes fonctions. Un cookie peut permettre \u00e0 celui qui l&rsquo;a d\u00e9pos\u00e9 de reconna\u00eetre un internaute, d&rsquo;une visite \u00e0 une autre, gr\u00e2ce \u00e0 un identifiant unique. Certains cookies peuvent aussi \u00eatre utilis\u00e9s pour stocker le contenu d&rsquo;un panier d&rsquo;achat, d&rsquo;autres pour enregistrer les param\u00e8tres de langue d&rsquo;un site, d&rsquo;autres encore pour faire de la publicit\u00e9 cibl\u00e9e.<\/p>\n<p><strong>Comment nous utilisons les cookies ?<\/strong><\/p>\n<p>Le site ADECA utilise des cookies, de mesure d\u2019audience, techniques de gestion de comptes et de boutons de partages.<\/p>\n<p>Les donn\u00e9es recueillies sont conserv\u00e9es pour une dur\u00e9e de 1\u00a0mois \u00e0 un an ou le temps d&rsquo;existence d&rsquo;un statut pour la gestion. Ces donn\u00e9es ne sont ni c\u00e9d\u00e9es \u00e0 des tiers, ni utilis\u00e9es \u00e0 d&rsquo;autres fins.<\/p>\n<p><strong>Si vous ne souhaitez pas accepter ces cookies, vous pouvez modifier les param\u00e8tres de votre navigateur ou supprimer les cookies d\u00e9j\u00e0 enregistr\u00e9s. Pour savoir comment refuser, supprimer ces \u00ab\u00a0Cookies\u00a0\u00bb ou \u00eatre pr\u00e9venu de leur r\u00e9ception par un message, veuillez consulter la rubrique d&rsquo;aide de votre navigateur internet.<\/strong><\/p>\n<h4><strong>Liens Hypertextes<\/strong><\/h4>\n<p>Les sites ext\u00e9rieurs \u00e0 ADECA ayant un lien hypertexte avec le pr\u00e9sent site ne sont pas sous contr\u00f4le d&rsquo;ADECA, qui d\u00e9cline par cons\u00e9quent toute responsabilit\u00e9 quant \u00e0 leur contenu. L&rsquo;utilisateur est seul responsable de leur utilisation. La cr\u00e9ation de liens hypertextes vers le site <a href=\"adeca97.fr\">adeca97.fr<\/a> est soumise \u00e0 l&rsquo;accord pr\u00e9alable d&rsquo;ADECA.<\/p>\n<h4><strong>Litiges<\/strong><\/h4>\n<p>Les pr\u00e9sentes conditions et la relation entre ADECA et les utilisateurs seront soumises au droit fran\u00e7ais et tout diff\u00e9rend n&rsquo;ayant pu trouver une issue transactionnelle sera port\u00e9 devant les tribunaux comp\u00e9tents de Paris.<\/p>\n<h4><strong>Cr\u00e9dits &amp; Contact<\/strong><\/h4>\n<p>Responsable Multim\u00e9dia ADECA : Herv\u00e9 FREY<br \/>\nCr\u00e9dits photos : (photos non contractuelles)<br \/>\n\u00a9 Copyright service communication ADECA<\/p>\n","protected":false},"excerpt":{"rendered":"<p>Pr\u00e9sentation du site : Conform\u00e9ment aux dispositions des articles 6-III et 19 de la Loi n\u00b0 2004-575 du 21 juin 2004 pour la Confiance dans l&rsquo;\u00e9conomie num\u00e9rique, dite L.C.E.N., nous portons \u00e0 la connaissance des utilisateurs et visiteurs du site :\u00a0www.adeca97.fr\u00a0les informations suivantes : Informations l\u00e9gales : Statut du propri\u00e9taire :\u00a0Association Loi 1901 Nom de [&hellip;]<\/p>\n","protected":false},"author":1,"featured_media":0,"parent":0,"menu_order":0,"comment_status":"open","ping_status":"open","template":"","meta":{"footnotes":""},"class_list":["post-388","page","type-page","status-publish","hentry"],"_links":{"self":[{"href":"https:\/\/adeca97.fr\/wordpress\/wp-json\/wp\/v2\/pages\/388","targetHints":{"allow":["GET"]}}],"collection":[{"href":"https:\/\/adeca97.fr\/wordpress\/wp-json\/wp\/v2\/pages"}],"about":[{"href":"https:\/\/adeca97.fr\/wordpress\/wp-json\/wp\/v2\/types\/page"}],"author":[{"embeddable":true,"href":"https:\/\/adeca97.fr\/wordpress\/wp-json\/wp\/v2\/users\/1"}],"replies":[{"embeddable":true,"href":"https:\/\/adeca97.fr\/wordpress\/wp-json\/wp\/v2\/comments?post=388"}],"version-history":[{"count":12,"href":"https:\/\/adeca97.fr\/wordpress\/wp-json\/wp\/v2\/pages\/388\/revisions"}],"predecessor-version":[{"id":2397,"href":"https:\/\/adeca97.fr\/wordpress\/wp-json\/wp\/v2\/pages\/388\/revisions\/2397"}],"wp:attachment":[{"href":"https:\/\/adeca97.fr\/wordpress\/wp-json\/wp\/v2\/media?parent=388"}],"curies":[{"name":"wp","href":"https:\/\/api.w.org\/{rel}","templated":true}]}}