{"id":524,"date":"2015-06-20T14:56:29","date_gmt":"2015-06-20T13:56:29","guid":{"rendered":"http:\/\/adeca97.fr\/?page_id=524"},"modified":"2022-08-26T18:03:42","modified_gmt":"2022-08-26T17:03:42","slug":"reglement-interieur","status":"publish","type":"page","link":"https:\/\/adeca97.fr\/wordpress\/reglement-interieur\/","title":{"rendered":"R\u00e8glement int\u00e9rieur"},"content":{"rendered":"<p><strong>Pr\u00e9ambule :<\/strong><br \/>\nVous venez de vous inscrire au sein de notre association. Voici en quelques lignes ce qu&rsquo;est l'&lt;&lt; Association ADECA &#8211; Association des Danses et des Cultures des Am\u00e9riques&gt;&gt;. Le r\u00e8glement int\u00e9rieur a pour objet de pr\u00e9ciser les statuts de l&rsquo;association, et les r\u00e8gles de fonctionnement de celle-ci. Il est lu et approuv\u00e9 \u00a0obligatoirement par l&rsquo;ensemble des membres et adh\u00e9rents lors de leurs inscriptions au d\u00e9but de chaque saison. Il est disponible sur notre site www.adeca97.fr<\/p>\n<h4><strong>Article 1 &#8211; Application du R\u00e8glement<\/strong><\/h4>\n<p style=\"text-align: justify;\">Le pr\u00e9sent r\u00e8glement s&rsquo;applique \u00e0 tous les adh\u00e9rents. Toutes modifications des diff\u00e9rents articles devront \u00eatres approuv\u00e9es en Assembl\u00e9e G\u00e9n\u00e9rale. Les mineurs doivent avoir une autorisation de leurs parents ou de leur repr\u00e9sentant l\u00e9gal pour participer aux activit\u00e9s d\u2019ADECA. <a title=\"Autorisation Parentale ADECA\" href=\"https:\/\/adeca97.fr\/wp-content\/uploads\/2015\/07\/Autorisation-parentale-2015-2016.pdf\" target=\"_blank\" rel=\"noopener\">(Autorisation parentale\u00a0pdf)<\/a><\/p>\n<h4><strong>Article 2 &#8211; R\u00e9alisation des objectifs<\/strong><\/h4>\n<p style=\"text-align: justify;\">L'&lt;&lt; Association ADECA &#8211; Association des Danses et des Cultures des Am\u00e9riques&gt;&gt; est une association \u00e0 but non lucratif, (loi de 1901) qui propose des activit\u00e9s de danses : SALSA CUBAINE, BACHATA, KIZOMBA et ZUMBA Fitness. Elle a pour objectif d&rsquo;assurer les s\u00e9ances de danses d\u00e9butant et interm\u00e9diaire, d&rsquo;aider \u00e0 la formation technique, physique et morale et de participer \u00e0 des soir\u00e9es SALSA, BACHATA, KIZOMBA et ZUMBA Fitness et \u00e0 des manifestations non lucrative avec le soutien de la ville d&rsquo;ISSY les MOULINEAUX.<br \/>\nL&rsquo;association s&rsquo;engage \u00e0:<\/p>\n<p>a) Assurer en son sein la libert\u00e9 d&rsquo;opinion et le respect des droits de l&rsquo;homme ;<br \/>\nb) Interdire toute discrimination ;<br \/>\nc) Regrouper r\u00e9guli\u00e8rement les membres de l&rsquo;association, dans un but d&rsquo;\u00e9change et de coh\u00e9sion. (Les membres ou correspondants \u00e9loign\u00e9s de l&rsquo;association pouvant \u00eatre dispens\u00e9s de pr\u00e9sence r\u00e9guli\u00e8re.)<br \/>\nd) Participer \u00e0 des manifestations telles que des foires, des salons, des journ\u00e9es des associations et tout autre \u00e9v\u00e9nement o\u00f9 la convivialit\u00e9 est la danse est possible. Organisation d&rsquo;\u00e9v\u00e9nements ou stage de dance \u00e0 des fins de perfectionnement.<br \/>\ne) Participer \u00e0 des projets de plus grande envergure, dans le cadre des objectifs de l&rsquo;association, et avec des organisations ext\u00e9rieures aux objectifs similaires ou compatibles.<br \/>\nCette liste n&rsquo;est \u00e9videmment pas limitative, et toute action conforme aux statuts et non list\u00e9e ci-dessus pourra cependant \u00eatre entreprise apr\u00e8s d\u00e9lib\u00e9ration et accord du conseil d&rsquo;administration.<\/p>\n<h4><strong>Article 3 &#8211; Cotisations<\/strong><\/h4>\n<p style=\"text-align: justify;\"><strong>3.1. Membres d&rsquo;honneur, actifs et membres adh\u00e9rents<\/strong><br \/>\nSont membres d&rsquo;honneur, ceux qui ont rendu des services significatifs \u00e0 l&rsquo;association. Ils sont nomm\u00e9s par le conseil d&rsquo;administration. Ils font partie de l&rsquo;assembl\u00e9e g\u00e9n\u00e9rale sans \u00eatre tenu de payer une cotisation annuelle.<br \/>\nEst membre actif, la personne membre de l&rsquo;association qui pilote un projet, ou s&rsquo;y investit beaucoup.<br \/>\nLes adh\u00e9rents doivent s&rsquo;acquitter d&rsquo;une cotisation annuelle. Le montant est fix\u00e9 annuellement par les membres du Bureau de l&rsquo;association pour l&rsquo;ann\u00e9e de r\u00e9f\u00e9rence de la somme de 20 euros. Cette cotisation est incluse dans nos tarifs.<\/p>\n<p style=\"text-align: justify;\">Toute cotisation vers\u00e9e \u00e0 l&rsquo;association est d\u00e9finitivement acquise. Il ne saurait \u00eatre exig\u00e9 un remboursement de cotisation en cas d\u2019annulation ou en cas de d\u00e9mission en cours d&rsquo;ann\u00e9e.<\/p>\n<p style=\"text-align: justify;\">L&rsquo;adh\u00e9sion s&rsquo;effectue au moment de l&rsquo;inscription et doit \u00eatres r\u00e9gl\u00e9e par ch\u00e8que \u00e0 l&rsquo;ordre de :&lt;&lt; ADECA &gt;&gt; ou esp\u00e8ces.<br \/>\nToutefois, il sera accord\u00e9 une tol\u00e9rance d&rsquo;un cours d&rsquo;essais pour les nouveaux adh\u00e9rents, sous leurs propres responsabilit\u00e9s, avant le r\u00e8glement de la cotisation. (Voir ARTICLE 5)<br \/>\n<strong>3.2. Membres bienfaiteurs<\/strong><\/p>\n<p style=\"text-align: justify;\">Les membres bienfaiteurs sont des entreprises qui nous t\u00e9moignent de leur confiance en encourageant nos travaux et en offrant une participation financi\u00e8re pour aider au fonctionnement de nos activit\u00e9s.<\/p>\n<h4><strong>Article 4 &#8211; D\u00e9finition de l&rsquo;ann\u00e9e en cours<\/strong><\/h4>\n<p style=\"text-align: justify;\">L&rsquo;ann\u00e9e de fonctionnement de l&rsquo;association et donc de cotisation est fix\u00e9e du 1er septembre au 30 juin de l&rsquo;ann\u00e9e civile suivante. Pendant les vacances scolaires et jours f\u00e9ri\u00e9s, les cours sont suspendus. La p\u00e9riode des cours suspendus est d\u00e9finie comme telle: Du dernier jour d&rsquo;\u00e9cole inclus au soir au dernier jour de vacances inclus au soir de la zone concern\u00e9e.<\/p>\n<h4><strong>Article 5 &#8211; Conditions d&rsquo;admission des adh\u00e9rents<\/strong><\/h4>\n<p style=\"text-align: justify;\">Pour faire partie de l\u2019association, il faut souscrire un bulletin d\u2019adh\u00e9sion, avoir acquitt\u00e9 un droit d\u2019entr\u00e9e et \u00eatres agr\u00e9e par le conseil d\u2019administration.Toute demande d&rsquo;adh\u00e9sion ou de r\u00e9-adh\u00e9sion \u00e0 la pr\u00e9sente association est soumise au Conseil qui statue sur cette admission sans avoir \u00e0 justifier sa d\u00e9cision qu&rsquo;elle puisse \u00eatre.<\/p>\n<p><strong>5.1. Conditions membres et adh\u00e9rents<\/strong><\/p>\n<p>Toute personne d\u00e9sirant adh\u00e9rer \u00e0 ADECA devra justifier de sa majorit\u00e9. Une autorisation parentale \u00ab\u00a0<b>D\u00e9charge de responsabilit\u00e9 pour mineurs\u00a0\u00bb<\/b>\u00a0est demand\u00e9 si l&rsquo;<b>enfant rentre seul \u00e0 l\u2019issue du cours<\/b> \u00e0 partir de 6 ans et suivant l\u2019activit\u00e9 choisie (Autorisation parentale jointe avec le formulaire d\u2019adh\u00e9sion et \u00e0 remplir par les parents)<\/p>\n<p><b>INSCRIPTION MINEUR<\/b><\/p>\n<p><b>L\u2019Association ADECA n\u2019est responsable des enfants mineurs que pendant la dur\u00e9e des ateliers.<\/b><\/p>\n<ol>\n<li><b> Les parents, ou la personne d\u00e9sign\u00e9e par eux, sont pri\u00e9s de r\u00e9cup\u00e9rer leur enfant \u00e0 l\u2019heure pr\u00e9cise de la fin du cours.<\/b><\/li>\n<li><b> En cas de retards r\u00e9p\u00e9t\u00e9s l\u2019Association ADECA se r\u00e9serve le droit d\u2019exclure l\u2019enfant du cours sans aucun remboursement.<\/b><\/li>\n<li><b> L\u2019acc\u00e8s \u00e0 la salle ne peut se faire qu\u2019en pr\u00e9sence d\u2019un encadrant de l\u2019activit\u00e9.<\/b><\/li>\n<\/ol>\n<p>Les inscriptions annuelles ont lieu \u00e0 chaque d\u00e9but d&rsquo;ann\u00e9e du 1 Septembre au 15 Novembre.<\/p>\n<p>Pour cela les futurs adh\u00e9rents doivent fournir \u00e0 l&rsquo;association:<br \/>\n&#8211; Le formulaire d&rsquo;inscription, envoy\u00e9 par mail lors de l\u2019inscription en ligne, d\u00fbment remplie et sign\u00e9 avec la mention \u00ab lu et approuv\u00e9 \u00bb<\/p>\n<p>&#8211; 1 photo au format identit\u00e9,<br \/>\n&#8211; Le r\u00e8glement de la cotisation et de l\u2019abonnement de l\u2019activit\u00e9 choisie (Voir ci-dessous mode de r\u00e8glement)<br \/>\n&#8211; en 1 fois par ch\u00e8que<br \/>\n&#8211; en esp\u00e8ces (montant total est \u00e0 remettre en une seule fois)<br \/>\n&#8211; en 3 fois par ch\u00e8ques sans frais (les encaissements sont faits le 30 de chaque mois, \u00e0 r\u00e9ception de votre r\u00e8glement) \u00e0 l\u2019ordre d&rsquo; ADECA. Les 3 ch\u00e8ques sont \u00e0 remettre en une fois<\/p>\n<p>&#8211; \u00c9tudiant(e) : Un Justificatif<\/p>\n<p>&#8211; Autorisation parentale si besoin,<\/p>\n<p>Cours de Fitness ( ZUMBA):<\/p>\n<p>&#8211; Nous remettre un certificat m\u00e9dical obligatoire * valide pour toute la saison.<\/p>\n<p>* Il est recommand\u00e9 de consulter un m\u00e9decin avant toute pratique sportive et de se faire \u00e9tablir un certificat m\u00e9dical de non contre-indication \u00e0 la pratique du sport.<\/p>\n<p style=\"text-align: justify;\">L\u2019adh\u00e9rent d\u00e9charge par ce r\u00e8glement et d\u00e8s \u00e0 pr\u00e9sent de toute responsabilit\u00e9 ADECA et les lieux o\u00f9 il s\u2019entra\u00eene en cas de d\u00e9faut de production de son certificat m\u00e9dical et garde, dans tous les cas, l\u2019enti\u00e8re responsabilit\u00e9 des cons\u00e9quences pr\u00e9judiciables de sa pratique sur sa sant\u00e9. Toute inaptitude \u00e0 la pratique survenant ult\u00e9rieurement \u00e0 la signature du formulaire d\u2019adh\u00e9sion (inscription) ne pourra en aucun cas faire l\u2019objet de remboursement ni modifier la p\u00e9riode de la saison.<\/p>\n<p>1) Les pi\u00e8ces demand\u00e9es sont \u00e0 remettre en une seule fois imp\u00e9rativement au 1er cours<\/p>\n<p>2) Nous pouvons produire \u00e0 votre demande une attestation pour votre CE si toutes les conditions d\u2019admission soit r\u00e9unies (si paiement par un C.E nous demandons un ch\u00e8que de caution en attendant la r\u00e9ception du paiement du C.E)<\/p>\n<p>3) L\u2019adh\u00e9rent sera admis aux cours une fois toutes les conditions d\u2019adh\u00e9sion r\u00e9unies et d\u2019avoir fourni la totalit\u00e9 des pi\u00e8ces demand\u00e9es.<\/p>\n<p>4) L&rsquo;association accueillera les nouveaux adh\u00e9rents suivant les places disponibles. Sont inscrits par ordre de priorit\u00e9 : Les anciens adh\u00e9rents puis les nouveaux adh\u00e9rents.<\/p>\n<p>5) Les inscriptions en cours d&rsquo;ann\u00e9e sont possibles, \u00e0 partir du 15 Novembre date limite de fin d&rsquo;inscription pour un abonnement annuelle, avec la carte ADECA-CARTE (Carte de 10 cours), Cotisation annuel (voir Article 3) + montant de la carte (voir tarifs).<\/p>\n<p>6) Par son adh\u00e9sion, l&rsquo;adh\u00e9rent accepte et reconnait avoir lu ce pr\u00e9sent r\u00e8glement int\u00e9rieur, et l\u2019accepter.<\/p>\n<p style=\"text-align: justify;\"><strong>5.2. Proc\u00e9dure en cas de non-paiement d&rsquo;une cotisation<\/strong><br \/>\nEn cas de non-paiement d&rsquo;une cotisation par un membre, le tr\u00e9sorier doit contacter le membre par courrier postal ou courrier \u00e9lectronique pour l&rsquo;en avertir et l&rsquo;inviter \u00e0 fournir des explications. Si le membre ne paie pas sa cotisation dans un d\u00e9lai d&rsquo;un mois apr\u00e8s l&rsquo;avertissement, le Conseil d&rsquo;Administration peut exclure l&rsquo;int\u00e9ress\u00e9 pour non-paiement de cotisation.<\/p>\n<p><strong>5.3. Informatique et libert\u00e9s :<\/strong><\/p>\n<p style=\"text-align: justify;\">En donnant votre adresse email, vous acceptez de recevoir les informations sur nos futures activit\u00e9s et celles de nos partenaires. Les informations recueillies lors de votre inscription feront l\u2019objet d\u2019un traitement informatique. En application des articles 39 et suivants la loi du 6 janvier 1978 modifi\u00e9e, vous b\u00e9n\u00e9ficiez d\u2019un droit d\u2019acc\u00e8s et de modification des informations qui vous concernent. Vous devez nous fournir une adresse mail valide pendant toute la p\u00e9riode de la saison.<br \/>\n<strong>5.4. Droit \u00e0 l&rsquo;image :<\/strong><\/p>\n<p style=\"text-align: justify;\">Par son adh\u00e9sion, l&rsquo;adh\u00e9rent accepte que son image, sous forme de photo ou de vid\u00e9o, prise dans le cadre des activit\u00e9s de danse ou de Fitness d&rsquo;ADECA, puisse \u00eatre utilis\u00e9e exclusivement par l&rsquo;association et seulement, \u00e0 des fins d&rsquo;information ou de publicit\u00e9 au b\u00e9n\u00e9fice de l&rsquo;association sans qu&rsquo;elle puisse donner lieu \u00e0 une compensation financi\u00e8re. ADECA s&rsquo;oblige \u00e0 ne c\u00e9der \u00e0 une tierce personne physique ou morale, \u00e0 titre gracieux ou payant, toute image d&rsquo;un adh\u00e9rent pouvant \u00eatre ais\u00e9ment identifi\u00e9 sans le consentement \u00e9crit de ce dernier. Les vid\u00e9os des cours sont r\u00e9serv\u00e9es uniquement aux adh\u00e9rents d&rsquo;ADECA et sur support informatique internet moderne\u00a0<span style=\"text-decoration: underline;\"><span style=\"color: #000000; text-decoration: underline;\"><a style=\"color: #000000; text-decoration: underline;\" href=\"about:blank\">(<\/a><\/span><\/span>revue interne, prospectus, film documentaire, site internet, r\u00e9seaux sociaux, etc<span style=\"color: #000000;\">.<\/span> Leur copie et diffusion que ce soit \u00e0 titre gracieux ou payant est donc interdite et expose son auteur \u00e0 des poursuites judiciaires de la part de l&rsquo;association ou (et) des personnes pr\u00e9sentes sur la vid\u00e9o.<\/p>\n<p style=\"text-align: justify;\">Toutefois, l&rsquo;adh\u00e9rent peut ne pas autorise l\u2019association \u00ab ADECA \u00bb \u00e0 le photographier et le filmer dans le cadre des diff\u00e9rents \u00e9v\u00e9nements que l&rsquo;association organise. Dans ce cas, l&rsquo;adh\u00e9rent rectifie le formulaire d&rsquo;inscription au moment de la signature. (Utilisation image not\u00e9 \u201cNON\u201d sur le formulaire) En cons\u00e9quent l&rsquo;adh\u00e9rent s&rsquo;engage \u00e0 sortir du champ vid\u00e9o et photos chaque fois que n\u00e9cessaire.<\/p>\n<h4><strong>Article 6 &#8211; Fonctionnement des cours<\/strong><\/h4>\n<p style=\"text-align: justify;\">Hormis en cas de maladie, si le professeur ne peut pas assurer son cours, il informera les adh\u00e9rents de son absence. Les professeurs peuvent \u00eatre amen\u00e9s \u00e0 prendre jusqu&rsquo;\u00e0 4 semaines dans l&rsquo;ann\u00e9e, des cours de perfectionnement pour le bien de l&rsquo;association et feront tous leurs possibles pour maintenir les cours. Dans le cas contraire les adh\u00e9rents seront avertis par mail ou sns des cours susceptibles d&rsquo;\u00eatres annul\u00e9s.<\/p>\n<p>Les adh\u00e9rents s\u2019engagent \u00e0 pr\u00e9senter leur carte d\u2019adh\u00e9rent au professeur ou \u00e0 un membre de l\u2019association avant chaque cours \u00e0 l&rsquo;entr\u00e9e de la salle de cours.<\/p>\n<p>Tenue vestimentaire et comportement :<\/p>\n<p><strong>La danse :<\/strong><br \/>\n1 &#8211; Des v\u00eatements o\u00f9 vous vous sentez \u00e0 l&rsquo;aise tout en restant corrects sont donc conseill\u00e9s. Des chaussures ayant une semelle glissante ou \u00e0 talons pour les danseuses, peuvent faciliter la pratique de certaines danses.<br \/>\n2 &#8211; Les changements de partenaire sont pratiqu\u00e9s afin d&rsquo;am\u00e9liorer l&rsquo;apprentissage. Une hygi\u00e8ne correcte permettra d&rsquo;\u00eatre appr\u00e9ci\u00e9. En cas de forte transpiration, il est conseill\u00e9 d\u2019apporter une serviette et\/ou un change.<\/p>\n<p><strong>Le Fitness :<\/strong><br \/>\nLe Fitness est un sport, vous allez donc transpirer. Des v\u00eatements ou vous vous sentez \u00e0 l\u2019aise tout en restant corrects sont donc conseill\u00e9s.<br \/>\n&#8211; Une paire de tennis pour ne pas glisser<br \/>\n&#8211; Des v\u00eatements l\u00e9gers et pratiques<br \/>\n&#8211; Une grande bouteille d\u2019eau pour s\u2019hydrater tout au long de l\u2019activit\u00e9<br \/>\n&#8211; Une serviette, parce que vous allez transpirez ! !<\/p>\n<p><strong>Stages de danses :<\/strong><br \/>\nDes frais suppl\u00e9mentaires pourront \u00eatre demand\u00e9s pour participer aux stages, soir\u00e9es, concerts de certaines activit\u00e9s.<\/p>\n<h4><strong>Article 7 &#8211; Assembl\u00e9e g\u00e9n\u00e9rale<\/strong><\/h4>\n<p><strong>7.1. Composition<\/strong><\/p>\n<p>Elle est compos\u00e9e des membres du conseil d&rsquo;administration, des membres du bureau et des adh\u00e9rents actifs \u00e0 jour de leur cotisation, (une pr\u00e9sence d&rsquo;au moins 6 mois dans l&rsquo;association). Sur leur demande les adh\u00e9rents \u00e0 jour de leur cotisation \u00e0 la date de convocation de ladite assembl\u00e9e peuvent assister \u00e0 l\u2019assembl\u00e9e G\u00e9n\u00e9rale, ils ont voix consultative.<br \/>\n<strong>7.2. Fonctionnement<\/strong><\/p>\n<p>L&rsquo;assembl\u00e9e G\u00e9n\u00e9rale se r\u00e9unit une fois par an.<br \/>\nLa date et ordre du jour sont fixes par le bureau.<br \/>\nLes adh\u00e9rents qui d\u00e9sirent poser des questions concernant le fonctionnement et la vie de l&rsquo;association devront les formuler par \u00e9crit.<br \/>\nLes membres du conseil d&rsquo;administration et du bureau emp\u00each\u00e9s peuvent donner leur procuration; toutefois, chaque membre pr\u00e9sent n&rsquo;a droit qu&rsquo;\u00e0 une seule procuration. Le vote se fait \u00e0 main lev\u00e9e sauf si un quart des membres pr\u00e9sents l&rsquo;exige, dans ce cas, il se fait \u00e0 bulletin secret.<br \/>\nPour valider les diverses d\u00e9lib\u00e9rations un quorum de 30% pr\u00e9sent et repr\u00e9sent\u00e9 est n\u00e9cessaire.<br \/>\nSi le quorum n&rsquo;est pas atteint, une deuxi\u00e8me Assembl\u00e9e G\u00e9n\u00e9rale a lieu, avec le m\u00eame ordre du jour, \u00e0 6 jours d&rsquo;intervalle au moins, qui d\u00e9lib\u00e8re quel que soit le nombre des Membres pr\u00e9sents.<br \/>\nLes \u00e9l\u00e9ments suivants sont soumis \u00e0 l&rsquo;approbation de l&rsquo;Assembl\u00e9e G\u00e9n\u00e9rale Ordinaire:<br \/>\n&#8211; Le rapport moral<br \/>\n&#8211; Le rapport financier<br \/>\n&#8211; Les objectifs fix\u00e9s pour l&rsquo;ann\u00e9e suivante<br \/>\n&#8211; L&rsquo;\u00e9lection des membres du Bureau<br \/>\n&#8211; Les questions diverses<\/p>\n<p><strong>7.3. Assembl\u00e9e G\u00e9n\u00e9rale Extraordinaire<\/strong><\/p>\n<p>Les Assembl\u00e9e G\u00e9n\u00e9rale Extraordinaire ont lieu sur demande du Bureau. Les clauses de l&rsquo;Article sur l&rsquo;Assembl\u00e9e G\u00e9n\u00e9rale Ordinaire concernant les d\u00e9cisions sont applicables.<\/p>\n<p style=\"text-align: justify;\">Une assembl\u00e9e g\u00e9n\u00e9rale extraordinaire peut se r\u00e9unir en cas de modification essentielle des statuts, d&rsquo;une situation financi\u00e8re difficile, ou toute situation pour laquelle le Bureau demande l&rsquo;expression de la volont\u00e9 des adh\u00e9rents.<\/p>\n<h4><strong>Article 8 &#8211; Modalit\u00e9s d&rsquo;\u00e9lection<\/strong><\/h4>\n<p style=\"text-align: justify;\">Le droit de vote est r\u00e9serv\u00e9 aux membres actifs et bienfaiteurs, \u00e0 jour de cotisation, et faisant partie de l&rsquo;association depuis au moins six mois jour pour jour \u00e0 la date effective du vote. Est \u00e9ligible tout membre actif satisfaisant aux m\u00eames conditions.<br \/>\nLe conseil d&rsquo;administration se r\u00e9serve cependant le droit de r\u00e9duire cette dur\u00e9e \u00e0 titre exceptionnel. Cette d\u00e9cision devra \u00eatre d\u00fbment motiv\u00e9e lors de l&rsquo;assembl\u00e9e g\u00e9n\u00e9rale.<br \/>\nAucune condition de nationalit\u00e9 n&rsquo;est requise, ni pour l&rsquo;adh\u00e9sion, ni pour l&rsquo;\u00e9lection au conseil d&rsquo;administration. Conform\u00e9ment \u00e0 la l\u00e9gislation en vigueur, seuls les membres de nationalit\u00e9 fran\u00e7aise peuvent \u00eatre \u00e9lus au bureau.<\/p>\n<h4><strong>Article 9 &#8211; D\u00e9claration de candidature<\/strong><\/h4>\n<p style=\"text-align: justify;\">Les candidatures au conseil d&rsquo;administration doivent \u00eatre adress\u00e9es au bureau au moins sept jours avant la date de l&rsquo;assembl\u00e9e g\u00e9n\u00e9rale. Celles-ci devront \u00eatre accompagn\u00e9es d&rsquo;une pr\u00e9sentation du candidat et de sa profession de foi.<\/p>\n<h4><strong>Article 10 &#8211; Acquisitions, locations immobili\u00e8res<\/strong><\/h4>\n<p>Pour l&rsquo;instant le r\u00e8glement int\u00e9rieur ne pr\u00e9voit pas de r\u00e8gles plus contraignantes que celles des statuts.<\/p>\n<h4><strong>Article 11 &#8211; Commissaires aux comptes<\/strong><\/h4>\n<p style=\"text-align: justify;\">L&rsquo;assembl\u00e9e g\u00e9n\u00e9rale peut d\u00e9cider de d\u00e9signer un ou plusieurs commissaires aux comptes si le budget pr\u00e9visionnel pr\u00e9sent\u00e9 par le tr\u00e9sorier le n\u00e9cessite. Ces commissaires aux comptes seront \u00e9lus parmi les membres \u00e9ligibles de l&rsquo;association.<\/p>\n<h4><strong>Article 12 &#8211; Utilisation du logo de l&rsquo;association<\/strong><\/h4>\n<p>Les membres actifs peuvent faire r\u00e9f\u00e9rence \u00e0 leur affiliation \u00e0 l&rsquo;association, \u00e0 condition d&rsquo;en respecter les buts et la d\u00e9ontologie.<\/p>\n<p style=\"text-align: justify;\">L&rsquo;utilisation du ou des logos de l&rsquo;association sur un document papier est soumise express\u00e9ment \u00e0 l&rsquo;accord du Pr\u00e9sident. Sur un document hyperm\u00e9dia qui respecte l&rsquo;esprit et la lettre des statuts de l&rsquo;association, elle est subordonn\u00e9e \u00e0 l&rsquo;existence d&rsquo;un lien hypertexte du logo vers le site officiel de l&rsquo;association, ou vers un miroir de ce site agr\u00e9\u00e9 par l&rsquo;association.<\/p>\n<h4><strong>Article 13 &#8211; Modification du r\u00e8glement int\u00e9rieur<\/strong><\/h4>\n<p>Le pr\u00e9sent r\u00e8glement a \u00e9t\u00e9 \u00e9tabli et adopt\u00e9 par l&rsquo;assembl\u00e9e g\u00e9n\u00e9rale le 28\/12\/2010. Il peut \u00eatre modifi\u00e9 sur demande de celle-ci, chaque changement fera \u00e9voluer son indice.<br \/>\nLe r\u00e8glement int\u00e9rieur sera remis \u00e0 tous les membres de l&rsquo;association sous un d\u00e9lai de 1 mois suivant la date de toute modification.<\/p>\n<p>Fait \u00e0 Issy les Moulineaux, le 28\/12\/2010.<\/p>\n<address><strong>Le Pr\u00e9sident de l&rsquo;association, Tr\u00e9sorier<\/strong><\/address>\n<address>Eric Charles Alfred<\/address>\n<p><strong>Le vice Pr\u00e9sident de l&rsquo;association, <\/strong>Tr\u00e9sorier adjoint<br \/>\nHerv\u00e9 FREY<\/p>\n<p><strong>Le secr\u00e9taire\u00a0<\/strong><br \/>\nChristine Charles-Alfred \u00a0 \u00a0 \u00a0 \u00a0 \u00a0 \u00a0 \u00a0 \u00a0 \u00a0 \u00a0 \u00a0\u00a0<strong>\u00a0 \u00a0 \u00a0 \u00a0 \u00a0 \u00a0 \u00a0 \u00a0 \u00a0 \u00a0 \u00a0<\/strong><\/p>\n<address><strong>L\u2019assesseur<\/strong><\/address>\n<address>Nadine SEFIL \u00a0 \u00a0 \u00a0 \u00a0<\/address>\n","protected":false},"excerpt":{"rendered":"<p>Pr\u00e9ambule : Vous venez de vous inscrire au sein de notre association. Voici en quelques lignes ce qu&rsquo;est l'&lt;&lt; Association ADECA &#8211; Association des Danses et des Cultures des Am\u00e9riques&gt;&gt;. Le r\u00e8glement int\u00e9rieur a pour objet de pr\u00e9ciser les statuts de l&rsquo;association, et les r\u00e8gles de fonctionnement de celle-ci. Il est lu et approuv\u00e9 \u00a0obligatoirement [&hellip;]<\/p>\n","protected":false},"author":1,"featured_media":0,"parent":0,"menu_order":0,"comment_status":"open","ping_status":"closed","template":"","meta":{"footnotes":""},"class_list":["post-524","page","type-page","status-publish","hentry"],"_links":{"self":[{"href":"https:\/\/adeca97.fr\/wordpress\/wp-json\/wp\/v2\/pages\/524","targetHints":{"allow":["GET"]}}],"collection":[{"href":"https:\/\/adeca97.fr\/wordpress\/wp-json\/wp\/v2\/pages"}],"about":[{"href":"https:\/\/adeca97.fr\/wordpress\/wp-json\/wp\/v2\/types\/page"}],"author":[{"embeddable":true,"href":"https:\/\/adeca97.fr\/wordpress\/wp-json\/wp\/v2\/users\/1"}],"replies":[{"embeddable":true,"href":"https:\/\/adeca97.fr\/wordpress\/wp-json\/wp\/v2\/comments?post=524"}],"version-history":[{"count":45,"href":"https:\/\/adeca97.fr\/wordpress\/wp-json\/wp\/v2\/pages\/524\/revisions"}],"predecessor-version":[{"id":3767,"href":"https:\/\/adeca97.fr\/wordpress\/wp-json\/wp\/v2\/pages\/524\/revisions\/3767"}],"wp:attachment":[{"href":"https:\/\/adeca97.fr\/wordpress\/wp-json\/wp\/v2\/media?parent=524"}],"curies":[{"name":"wp","href":"https:\/\/api.w.org\/{rel}","templated":true}]}}